{"id":4261,"date":"2015-06-18T12:57:00","date_gmt":"2015-06-18T09:57:00","guid":{"rendered":"http:\/\/kbfi.ee\/chemical-physics\/research\/terahertz-spectroscopy-and-low-temperature-physics\/publications\/"},"modified":"2020-04-27T15:05:43","modified_gmt":"2020-04-27T12:05:43","slug":"publications","status":"publish","type":"page","link":"https:\/\/www.kbfi.ee\/en\/chemical-physics\/research\/terahertz-spectroscopy-and-low-temperature-physics\/publications\/","title":{"rendered":"THz group important publications"},"content":{"rendered":"<p>Vilmos Kocsis, Karlo Penc, Toomas R\u00f5\u00f5m, Urmas Nagel, Jakub Vit, Judit Romhanyi, Yusuke Tokunaga, Yasujiro Taguchi, Yoshinori Tokura, Istvan Kezsmarki, and Sandor Bordacs.<em> Identification of antiferromagnetic domains via the optical magnetoelectric effect.<\/em> <strong><a href=\"https:\/\/journals.aps.org\/prl\/abstract\/10.1103\/PhysRevLett.121.057601\" target=\"_blank\" rel=\"noopener noreferrer\">Phys. Rev. Lett., 121:057601, 2018<\/a><\/strong><\/p>\n<p>Randy S. Fishman, Jaime A. Fernandez-Baca, and Toomas R\u00f5\u00f5m. <a href=\"https:\/\/iopscience.iop.org\/book\/978-1-64327-114-9.pdf\" target=\"_blank\" rel=\"noopener noreferrer\"><em>Spin-Wave Theory and its Applications to Neutron Scattering and THz\u00a0 Spectroscopy.<\/em><\/a> IOP Concise Physics, Morgan and Claypool Publishers, 1210 Fifth Avenue, Suite 250, San Rafael, CA, 94901, USA, 2018<\/p>\n<p>Wang, Zhe and Reschke, S. and H\u00fcvonen, D. and Do, S.-H. and Choi, K.-Y. and Gensch, M. and Nagel, U. and R\u00f5\u00f5m, T. and Loidl, A. <em>Magnetic Excitations and Continuum of a Possibly Field-Induced Quantum Spin Liquid in alpha-RuCl3.<\/em><strong> <a href=\"https:\/\/link.aps.org\/doi\/10.1103\/PhysRevLett.119.227202\" target=\"_blank\" rel=\"noopener noreferrer\">Phys. Rev, Lett, 119:227202, 2017<\/a><\/strong><\/p>\n<p>Andrea Krachmalnicoff, Richard Bounds, Salvatore Mamone, Shamim Alom, Maria Concistre, Benno Meier, Karel Kouril, Mark E. Light, Mark R. Johnson, Stephane Rols, Anthony J. Horsewill, Anna Shugai, Urmas Nagel, Toomas R\u00f5\u00f5m, Marina Carravetta, Malcolm H. Levitt, and Richard J. Whitby.<em> The dipolar endofullerene HF@C60.<\/em> <strong><a href=\"http:\/\/dx.doi.org\/10.1038\/nchem.2563\" target=\"_blank\" rel=\"noopener noreferrer\">Nature Chemistry, 8(10):953\u2013957, 2016<\/a><\/strong><\/p>\n<p>K\u00e9zsm\u00e1rki, I.; Szaller, D.; Bord\u00e1cs, S. ;Kocsis, V.;Tokunaga, Y.; Taguchi, Y.; Murakawa, H.; Tokura, Y. ; Engelkamp, H.; R\u00f5\u00f5m, T.; Nagel, U. <em>One-way transparency of four-coloured spin-wave excitations in multiferroic materials.<\/em><strong><a href=\"http:\/\/www.nature.com\/ncomms\/2014\/140203\/ncomms4203\/abs\/ncomms4203.html?message-global=remove\" target=\"_blank\" rel=\"noopener noreferrer\"> Nature Communications, 5, 3203, 2014<\/a><\/strong><\/p>\n<p>Nagel, U.; Fishman, Randy S.; Katuwal, T.; Engelkamp, H.; Talbayev, D.; Yi, Hee Taek; Cheong, S.-W.; R\u00f5\u00f5m, T. (2013). <em>Terahertz Spectroscopy of Spin Waves in Multiferroic BiFeO3 in High Magnetic Fields.<\/em> <a href=\"https:\/\/journals.aps.org\/prl\/abstract\/10.1103\/PhysRevLett.110.257201\" target=\"_blank\" rel=\"noopener noreferrer\"><strong>Phys. Rev. Lett., 110:257201, 2013<\/strong><\/a><\/p>\n<p>Bordacs, Sandor; Kezsmarki, Istvan; Szaller, David; Demko, Laszlo; Kida, Noriaki; Murakawa, Hiroshi; Onose, Yoshinori; Shimano, Ryo; R\u00f5\u00f5m, Toomas; Nagel, Urmas; Miyahara, Shin; Furukawa, Nobuo; Tokura, Yoshinori. <em>Chirality of Matter Shows Up via Spin Excitations<\/em>. <strong><a href=\"https:\/\/www.nature.com\/articles\/nphys2387\" target=\"_blank\" rel=\"noopener noreferrer\">Nature Physics, 8:734\u2013738, 2012.<\/a><\/strong><\/p>\n<p>C. Beduz, M. Carravetta, J. Chen, M. Concistre, M. Denning, M. Frunzi, A. Horsewill, O. Johannessen, R. Lawler, X. Lei, M. Levitt, Y. Li, S. Mamone, Y. Murata, U. Nagel, T. Nishida, J. Ollivier, S. Rols, T. Room, R. Sarkar, N. Turro, and Y. Yang, <em>Quantum rotation ofortho and para-water encapsulated in a fullerene cage<\/em>, <a href=\"http:\/\/www.pnas.org\/content\/109\/32\/12894\" target=\"_blank\" rel=\"noopener noreferrer\"><strong>Proc. Natl. Acad. Sci., <i>109<\/i>, 12894-12898,2012<\/strong><\/a><\/p>\n<p>K. Penc, J. Romh\u00e1nyi, T. R\u00f5\u00f5m, U. Nagel, \u00c1. Antal, T. Feh\u00e9r, A. J\u00e1nossy, H. Engelkamp, H. Murakawa, Y. Tokura, D. Szaller, S. Bord\u00e1cs, and I. K\u00e9zsm\u00e1rki. <em>Spin-Stretching Modes in Anisotropic Magnets: Spin-Wave Excitations in the Multiferroic Ba<sub>2<\/sub>CoGe<sub>2<\/sub>O<sub>7<\/sub><\/em>. <strong><a href=\"http:\/\/prl.aps.org\/abstract\/PRL\/v108\/i25\/e257203\" target=\"_blank\" rel=\"noopener noreferrer\"><span class=\"journal\">Phys. Rev. Lett<\/span><span class=\"journal\">.<\/span> <span class=\"volume\">108<\/span>, <span class=\"page\">257203, <\/span>2012<\/a><\/strong><\/p>\n<p>Nagel, U.; Uleksin, T.; R\u00f5\u00f5m, T.; Lobo, R.P.S.M.; Lejay, P.; Homes, C.C.; Hall, J.; Kinross, A.W.; Purdy, S.; Williams, T. J.; Luke, G.M.; Timusk, T. <em>Optical spectroscopy shows that the normal state of \u00a0URu2Si2 is an anomalous Fermi liquid.<\/em> <a href=\"https:\/\/www.pnas.org\/content\/109\/47\/19161\" target=\"_blank\" rel=\"noopener noreferrer\"><strong>Proc. Natl. Acad. Sci., 109,19161\u201319165, 2012<\/strong><\/a><\/p>\n<p>Min Ge, U. Nagel, D. H\u00fcvonen, T. R\u00f5\u00f5m. S. Mamone, M. H. Levitt, M. Carravetta, Y. Murata, K. Komatsu, Xuegong Lei, N. J. Turro. <em>Infrared spectroscopy of endohedral HD and D<sub>2<\/sub> in C<sub>60<\/sub>.<\/em> <a href=\"https:\/\/aip.scitation.org\/doi\/10.1063\/1.3637948\" target=\"_blank\" rel=\"noopener noreferrer\"><strong>J. Chem. Phys., 135, 114511, 2011<\/strong><\/a><\/p>\n<p>Min Ge, U. Nagel, D. H\u00fcvonen, T. R\u00f5\u00f5m, S. Mamone, M. H. Levitt, M. Carravetta, Y. Murata, K. Komatsu, J. Y.-C. Chen, and N. J. Turro.<em> Interaction potential and infrared absorption of endohedral H<sub>2<\/sub> in C<sub>60<\/sub><\/em>.<strong><a href=\"http:\/\/jcp.aip.org\/resource\/1\/jcpsa6\/v134\/i5\/p054507_s1\" target=\"_blank\" rel=\"noopener noreferrer\"> J. Chem. Phys. 134, 054507, 2011<\/a><\/strong><\/p>\n<p>D. H\u00fcvonen, U. Nagel, T. R\u00f5\u00f5m, Y. J. Choi, C. L. Zhang, S. Park,\u00a0 S.-W. Cheong. <em>Magnetic excitations and optical transitions in the multiferroic spin-1\/2 system LiCu<sub>2<\/sub>O<sub>2<\/sub>.<\/em><a href=\"http:\/\/prb.aps.org\/abstract\/PRB\/v80\/i10\/e100402\" target=\"_blank\" rel=\"noopener noreferrer\"><strong> Phys. Rev. B, 80, 100402(R) (2009)<\/strong><\/a><\/p>\n<p>S. Mamone, Min Ge, D. H\u00fcvonen, U. Nagel, A. Danquigny, F. Cuda, M. C. Grossel, Y. Murata, K. Komatsu, M. H. Levitt, T. R\u00f5\u00f5m, M. Carravetta. <em>Rotor in a Cage: Infrared Spectroscopy of an Endohedral Hydrogen-Fullerene Complex.<\/em> <strong><a href=\"http:\/\/dx.doi.org\/10.1063\/1.3080163\" target=\"_blank\" rel=\"noopener noreferrer\">J. Chem. Phys., 130, 081103, 2009<\/a><\/strong><\/p>\n<p>J. Yang, D. Huvonen, U. Nagel, T. Room, N. Ni, P. C. Canfield, S. L. Budko, J.P. Carbotte, T. Timusk. <em>Optical spectroscopy of superconducting Ba<sub>0.55<\/sub>K<sub>0.45<\/sub>Fe<sub>2<\/sub>As<sub>2<\/sub>: evidence for strong coupling to low energy bosons<\/em>. <strong><a href=\"http:\/\/link.aps.org\/doi\/10.1103\/PhysRevLett.102.187003\" target=\"_blank\" rel=\"noopener noreferrer\">Phys. Rev. Lett. 102, 187003 (2009)<\/a><\/strong><\/p>\n<p>T. R\u00f5\u00f5m, D. H\u00fcvonen, U. Nagel, J. Hwang, T. Timusk, H. Kageyama.<em> Far-infrared spectroscopy of spin excitations and Dzyaloshinskii-Moriya interactions in a Shastry-Sutherland compund SrCu<sub>2<\/sub>(BO<sub>3<\/sub>)<\/em><sub><em>2<\/em>.<\/sub>\u00a0<strong><a href=\"http:\/\/link.aps.org\/doi\/10.1103\/PhysRevB.70.144417\" target=\"_blank\" rel=\"noopener noreferrer\">Phys. Rev. B, 70, 144417-8, 2004<\/a><\/strong><\/p>\n<p>T. R\u00f5\u00f5m, D. H\u00fcvonen, U. Nagel, Y.-J. Wang, R.K. Kremer. <em>Low-energy excitations and dynamic Dzyaloshinskii-Moriya interaction in \u03b1&#8217;-NaV<sub>2<\/sub>O<sub>5<\/sub> studied by far-infrared spectroscopy.<\/em> &#8211; <strong><a href=\"http:\/\/link.aps.org\/doi\/10.1103\/PhysRevB.69.144410\" target=\"_blank\" rel=\"noopener noreferrer\">Phys. Rev. B, 69, 144410-19, 2004<\/a><br \/>\n<\/strong><\/p>\n<h2>PhD and other thesises<\/h2>\n<p>Johan Viirok, MSc, 2015, Tallinn University of Technology. &#8220;<a href=\"https:\/\/kbfi.ee\/wp-content\/uploads\/2020\/04\/SCSO_thesis_Johan_Viirok.pdf\" target=\"_blank\" rel=\"noopener noreferrer\">Magnetv\u00e4ljaga tekitatud THz kiirguse suunadikroism multiferroidses Sr2CoSi2O7-s<\/a>&#8220;, In Estonian, supervisors\u00a0 T.R\u00f5\u00f5m, U.Nagel.<\/p>\n<p>Laur Peedu, MSc, 2013, Tallinn University of Technology. <a href=\"https:\/\/kbfi.ee\/wp-content\/uploads\/2020\/04\/LaurPeedu_Magistritoo_Elektrooniline_TTU.pdf\" target=\"_blank\" rel=\"noopener noreferrer\">&#8220;Vesiniku molekuli kvantliikumise infrapunaspektroskoopia endoeedrilises fullereenis H<sub>2<\/sub>@C<sub>70<\/sub>&#8220;.<\/a> In Estonian, supervisors U. Nagel, T.R\u00f5\u00f5m.<\/p>\n<p>Johan Viirok, bachelor, 2013, Tallinn University of Thechnology. &#8220;<a href=\"https:\/\/kbfi.ee\/wp-content\/uploads\/2020\/04\/Baka_too_JohanViirok.pdf\" target=\"_blank\" rel=\"noopener noreferrer\">Loodusliku asuriidi terahertsspektroskoopia temperatuuril alla 1K<\/a>&#8220;. In Estonian, supervisors U. Nagel, T.R\u00f5\u00f5m.<\/p>\n<p>Taaniel Uleksin, MSc, 2012,\u00a0 Tallinn University of Technology. &#8220;<a href=\"https:\/\/kbfi.ee\/wp-content\/uploads\/2020\/04\/Taanieli_magistrit99.pdf\" target=\"_blank\" rel=\"noopener noreferrer\">Teraherts-spektroskoopia tugevates magnetv\u00e4ljades millikelvintemperatuuridel<\/a>&#8220;, in Estonian, supervisors U. Nagel, T. R\u00f5\u00f5m<\/p>\n<p>Laur Peedu, bachelor, 2011,\u00a0 Tallinn University of Technology. &#8220;<a href=\"https:\/\/kbfi.ee\/wp-content\/uploads\/2020\/04\/LaurPeedu_Bakalaurusetoo_ver4.pdf\" target=\"_blank\" rel=\"noopener noreferrer\">Grafeeni optilised omadused kauge infrapuna piirkonnas<\/a>&#8220;, in Estonian, supervisors U. Nagel, T. R\u00f5\u00f5m<\/p>\n<p>Taaniel Uleksin, bachelor, 2010,\u00a0 Tallinn University of Technology.\u00a0 &#8220;<a href=\"https:\/\/kbfi.ee\/wp-content\/uploads\/2020\/04\/Baka_t99_2010_Taaniel_Uleksin.pdf\" target=\"_blank\" rel=\"noopener noreferrer\">Peegelduse temperatuuris\u00f5ltuvuse m\u00f5\u00f5tmine ja optiliste konstantide m\u00e4\u00e4ramine Cu<sub>2<\/sub>ZnSn(Se<sub>x<\/sub>S<sub>1-x<\/sub>)<sub>4<\/sub>-s<\/a>&#8220;, in Estonian, supervisors U. Nagel, T. R\u00f5\u00f5m and prof. J. Krustok<\/p>\n<p>Dan H\u00fcvonen, PhD, 2008, Tallinn University of Technology.\u00a0 &#8220;<a href=\"https:\/\/kbfi.ee\/wp-content\/uploads\/2020\/04\/thesis_dan_huvonen_2008_papers.pdf\" target=\"_blank\" rel=\"noopener noreferrer\">Terahertz Spectroscopy of Low-Dimensional Spin Systems<\/a>&#8220;, supervisors U. Nagel, T. R\u00f5\u00f5m and prof. J. Krustok. Opponents Dr. Sergei Zvyagin, Hochfeld-Magnetlabor Dresden and Dr. Ilmo Sildos, Institute of Physics, Tartu University<\/p>\n","protected":false},"excerpt":{"rendered":"<p>Vilmos Kocsis, Karlo Penc, Toomas R\u00f5\u00f5m, Urmas Nagel, Jakub Vit, Judit Romhanyi, Yusuke Tokunaga, Yasujiro Taguchi, Yoshinori Tokura, Istvan Kezsmarki, and Sandor Bordacs. Identification of antiferromagnetic domains <a class=\"read-more\" href=\"https:\/\/www.kbfi.ee\/en\/chemical-physics\/research\/terahertz-spectroscopy-and-low-temperature-physics\/publications\/\"><\/a><\/p>\n","protected":false},"author":5,"featured_media":0,"parent":1441,"menu_order":0,"comment_status":"open","ping_status":"open","template":"","meta":{"_acf_changed":false,"footnotes":""},"class_list":["post-4261","page","type-page","status-publish","hentry"],"acf":[],"_links":{"self":[{"href":"https:\/\/www.kbfi.ee\/en\/wp-json\/wp\/v2\/pages\/4261"}],"collection":[{"href":"https:\/\/www.kbfi.ee\/en\/wp-json\/wp\/v2\/pages"}],"about":[{"href":"https:\/\/www.kbfi.ee\/en\/wp-json\/wp\/v2\/types\/page"}],"author":[{"embeddable":true,"href":"https:\/\/www.kbfi.ee\/en\/wp-json\/wp\/v2\/users\/5"}],"replies":[{"embeddable":true,"href":"https:\/\/www.kbfi.ee\/en\/wp-json\/wp\/v2\/comments?post=4261"}],"version-history":[{"count":0,"href":"https:\/\/www.kbfi.ee\/en\/wp-json\/wp\/v2\/pages\/4261\/revisions"}],"up":[{"embeddable":true,"href":"https:\/\/www.kbfi.ee\/en\/wp-json\/wp\/v2\/pages\/1441"}],"wp:attachment":[{"href":"https:\/\/www.kbfi.ee\/en\/wp-json\/wp\/v2\/media?parent=4261"}],"curies":[{"name":"wp","href":"https:\/\/api.w.org\/{rel}","templated":true}]}}